{"id":816,"date":"2024-10-21T21:12:20","date_gmt":"2024-10-21T21:12:20","guid":{"rendered":"https:\/\/lbc.com.ar\/es\/es-bo\/?page_id=816"},"modified":"2026-01-14T00:08:11","modified_gmt":"2026-01-14T03:08:11","slug":"paneles-de-gases","status":"publish","type":"page","link":"https:\/\/lbc.com.ar\/es\/es\/paneles-de-gases\/","title":{"rendered":"Paneles de Gases"},"content":{"rendered":"\n<pre class=\"wp-block-preformatted has-text-color\" style=\"color:#002395;font-size:22px\">LBC Instalaci\u00f3n y Equipamiento para Gases Medicinales. <\/pre>\n\n\n\n<hr class=\"wp-block-separator has-text-color has-alpha-channel-opacity has-background is-style-wide\" style=\"background-color:#002395;color:#002395\"\/>\n\n\n\n<div class=\"wp-block-columns is-layout-flex wp-container-core-columns-is-layout-9d6595d7 wp-block-columns-is-layout-flex\">\n<div class=\"wp-block-column is-layout-flow wp-block-column-is-layout-flow\">\n<p>Los<strong>&nbsp;paneles de gases medicinales<\/strong>&nbsp;o<strong>&nbsp;<\/strong>consolas de superficie, son la opci\u00f3n m\u00e1s sencilla, adaptable y econ\u00f3mica para contener las tomas terminales-acoples- de gases medicinales y vac\u00edo centralizados en forma de panel mural.<\/p>\n\n\n\n<p><strong>Seg\u00fan requerimiento se elaboran :<\/strong><\/p>\n\n\n\n<p>Conteniendo mas de una unidad terminal del mismo gas, ej. Tomas oxigeno- oxigeno, aire-aire, vac\u00edo-vac\u00edo. De acuerdo al proyecto y del mismo modo, se los puede instalar de forma horizontal o vertical. Pueden emplearse, tanto en sectores hospitalarios como laboratorios e industrias.<\/p>\n\n\n\n<hr class=\"wp-block-separator aligncenter has-text-color has-alpha-channel-opacity has-background is-style-wide\" style=\"background-color:#002395;color:#002395\"\/>\n\n\n\n<div class=\"wp-block-columns is-layout-flex wp-container-core-columns-is-layout-9d6595d7 wp-block-columns-is-layout-flex\">\n<div class=\"wp-block-column is-layout-flow wp-block-column-is-layout-flow\">\n<figure class=\"wp-block-image size-full\"><img loading=\"lazy\" decoding=\"async\" width=\"628\" height=\"471\" src=\"https:\/\/lbc.com.ar\/es\/es\/wp-content\/uploads\/sites\/6\/2025\/03\/Consola-panel-tomas-de-gases-medicinales.jpg\" alt=\"\" class=\"wp-image-1114\" srcset=\"https:\/\/lbc.com.ar\/es\/es\/wp-content\/uploads\/sites\/6\/2025\/03\/Consola-panel-tomas-de-gases-medicinales.jpg 628w, https:\/\/lbc.com.ar\/es\/es\/wp-content\/uploads\/sites\/6\/2025\/03\/Consola-panel-tomas-de-gases-medicinales-300x225.jpg 300w\" sizes=\"auto, (max-width: 628px) 100vw, 628px\" \/><\/figure>\n<\/div>\n\n\n\n<div class=\"wp-block-column is-layout-flow wp-block-column-is-layout-flow\">\n<figure class=\"wp-block-image size-full\"><img loading=\"lazy\" decoding=\"async\" width=\"600\" height=\"378\" src=\"https:\/\/lbc.com.ar\/es\/es\/wp-content\/uploads\/sites\/6\/2025\/03\/Consola-mural-toma-de-gases-medicinales.jpg\" alt=\"\" class=\"wp-image-1111\" style=\"aspect-ratio:4\/3;object-fit:cover\" srcset=\"https:\/\/lbc.com.ar\/es\/es\/wp-content\/uploads\/sites\/6\/2025\/03\/Consola-mural-toma-de-gases-medicinales.jpg 600w, https:\/\/lbc.com.ar\/es\/es\/wp-content\/uploads\/sites\/6\/2025\/03\/Consola-mural-toma-de-gases-medicinales-300x189.jpg 300w\" sizes=\"auto, (max-width: 600px) 100vw, 600px\" \/><\/figure>\n<\/div>\n<\/div>\n\n\n\n<hr class=\"wp-block-separator aligncenter has-text-color has-alpha-channel-opacity has-background is-style-wide\" style=\"background-color:#002395;color:#002395\"\/>\n\n\n\n<div class=\"wp-block-columns are-vertically-aligned-center is-layout-flex wp-container-core-columns-is-layout-9d6595d7 wp-block-columns-is-layout-flex\">\n<div class=\"wp-block-column is-vertically-aligned-center is-layout-flow wp-block-column-is-layout-flow\"><div class=\"wp-block-image\">\n<figure class=\"aligncenter size-full\"><img loading=\"lazy\" decoding=\"async\" width=\"628\" height=\"471\" src=\"https:\/\/lbc.com.ar\/es\/es\/wp-content\/uploads\/sites\/6\/2025\/03\/Panel-miniducto-mural-toma-gases-medicinales-DISS.jpg\" alt=\"\" class=\"wp-image-1131\" srcset=\"https:\/\/lbc.com.ar\/es\/es\/wp-content\/uploads\/sites\/6\/2025\/03\/Panel-miniducto-mural-toma-gases-medicinales-DISS.jpg 628w, https:\/\/lbc.com.ar\/es\/es\/wp-content\/uploads\/sites\/6\/2025\/03\/Panel-miniducto-mural-toma-gases-medicinales-DISS-300x225.jpg 300w\" sizes=\"auto, (max-width: 628px) 100vw, 628px\" \/><\/figure>\n<\/div><\/div>\n\n\n\n<div class=\"wp-block-column is-vertically-aligned-center is-layout-flow wp-block-column-is-layout-flow\"><div class=\"wp-block-image\">\n<figure class=\"aligncenter size-large\"><img loading=\"lazy\" decoding=\"async\" width=\"1024\" height=\"576\" src=\"https:\/\/lbc.com.ar\/es\/es\/wp-content\/uploads\/sites\/6\/2025\/03\/Panel-consola-vertical-de-gases-medicinales-1024x576.jpg\" alt=\"\" class=\"wp-image-1132\" srcset=\"https:\/\/lbc.com.ar\/es\/es\/wp-content\/uploads\/sites\/6\/2025\/03\/Panel-consola-vertical-de-gases-medicinales-1024x576.jpg 1024w, https:\/\/lbc.com.ar\/es\/es\/wp-content\/uploads\/sites\/6\/2025\/03\/Panel-consola-vertical-de-gases-medicinales-300x169.jpg 300w, https:\/\/lbc.com.ar\/es\/es\/wp-content\/uploads\/sites\/6\/2025\/03\/Panel-consola-vertical-de-gases-medicinales-768x432.jpg 768w, https:\/\/lbc.com.ar\/es\/es\/wp-content\/uploads\/sites\/6\/2025\/03\/Panel-consola-vertical-de-gases-medicinales.jpg 1280w\" sizes=\"auto, (max-width: 1024px) 100vw, 1024px\" \/><\/figure>\n<\/div><\/div>\n<\/div>\n\n\n\n<hr class=\"wp-block-separator aligncenter has-text-color has-alpha-channel-opacity has-background is-style-wide\" style=\"background-color:#002395;color:#002395\"\/>\n\n\n\n<h2 class=\"wp-block-heading\" style=\"font-size:16px\"><strong>Los paneles de gases ,consolas, son construidos \u00edntegramente con ducto de perfil extruido de aluminio de 2 mm y pintados con pintura epoxi horneada (Blanco semi mate\/Blanco microtexturado, otros colores a pedido). Con tapas frontales de f\u00e1cil desarme, colocadas a presi\u00f3n sin tornillos. Tapas laterales troqueladas de aluminio. Para el \u00e1mbito hospitalario.<\/strong><\/h2>\n\n\n\n<h3 class=\"wp-block-heading\" style=\"font-size:16px\">Este modelo de toma de pared de gases medicinales, es equipado con unidades terminales DISS de doble retenci\u00f3n- acci\u00f3n quitar\/poner a rosca- y certificadas. Eventualmente, tambi\u00e9n se dispone de otros modelos de bocas de salida; tipo AFNOR BM (Sistema Franc\u00e9s),SS\/AGA (Sistema Sueco).<\/h3>\n\n\n\n<hr class=\"wp-block-separator has-text-color has-alpha-channel-opacity has-background\" style=\"background-color:#002395;color:#002395\"\/>\n\n\n\n<p class=\"has-text-align-center has-text-color has-link-color wp-elements-26dee387b3142c7d6fd401e4d382ebf8\" style=\"color:#002395;font-size:23px\"> <a href=\"mailto:info@lbc.com.ar\" rel=\"nofollow\">info@lbc.com.ar<\/a><\/p>\n\n\n\n<hr class=\"wp-block-separator has-text-color has-alpha-channel-opacity has-background\" style=\"background-color:#002395;color:#002395\"\/>\n\n\n\n<p style=\"font-size:16px\"><strong>La conexi\u00f3n del panel de gases medicinales, consolas, hacia las tuber\u00edas canalizadas de suministro, se efect\u00faa mediante chicote de tubo de poliuretano con acople instant\u00e1neo. A pedido, se entregan con conexi\u00f3n tipo de compresi\u00f3n -Tuerca y virola- de bronce; de este modo ,se evita de utilizar soldadura aut\u00f3gena dentro del interior de los miniductos, haciendo m\u00e1s f\u00e1cil su instalaci\u00f3n.<\/strong><\/p>\n\n\n\n<h2 class=\"wp-block-heading\" style=\"font-size:16px\"><strong>Disponibilidad en sistema acople terminal CGA DISS: Oxigeno. Aire comprimido Medicinal. Aspiraci\u00f3n. Oxido Nitroso. Di\u00f3xido de Carbono. Nitr\u00f3geno. Aire Instrumental 700 Kpa.<\/strong><\/h2>\n\n\n\n<h3 class=\"wp-block-heading\" style=\"font-size:16px\">Se realizan adem\u00e1s modelos para laboratorios e industria ,seg\u00fan requerimientos.<\/h3>\n\n\n\n<hr class=\"wp-block-separator aligncenter has-text-color has-alpha-channel-opacity has-background\" style=\"background-color:#002395;color:#002395\"\/>\n\n\n\n<p><strong>Asesoramiento<\/strong>.<\/p>\n\n\n\n<p><em><strong>Si Usted est\u00e1 interesado en algunos de nuestros productos, nos puede contactar para brindar toda la informaci\u00f3n necesaria<\/strong>.<\/em><\/p>\n\n\n\n<div class=\"wp-block-buttons is-content-justification-center is-layout-flex wp-container-core-buttons-is-layout-16018d1d wp-block-buttons-is-layout-flex\">\n<div class=\"wp-block-button has-custom-width wp-block-button__width-25\"><a class=\"wp-block-button__link has-white-color has-text-color has-background has-link-color wp-element-button\" href=\"https:\/\/lbc.com.ar\/contacto\/\" style=\"background-color:#002395\">Contacto<\/a><\/div>\n<\/div>\n\n\n\n<hr class=\"wp-block-separator aligncenter has-text-color has-alpha-channel-opacity has-background\" style=\"background-color:#002395;color:#002395\"\/>\n<\/div>\n<\/div>\n","protected":false},"excerpt":{"rendered":"<p>LBC Instalaci\u00f3n y Equipamiento para Gases Medicinales. Los&nbsp;paneles de gases medicinales&nbsp;o&nbsp;consolas de superficie, son la opci\u00f3n m\u00e1s sencilla, adaptable y econ\u00f3mica para contener las tomas terminales-acoples- de gases medicinales y vac\u00edo centralizados en forma de panel mural. Seg\u00fan requerimiento se elaboran : Conteniendo mas de una unidad terminal del mismo gas, ej. Tomas oxigeno- oxigeno, [&hellip;]<\/p>\n","protected":false},"author":2,"featured_media":0,"parent":0,"menu_order":4,"comment_status":"closed","ping_status":"closed","template":"","meta":{"om_disable_all_campaigns":false,"_monsterinsights_skip_tracking":false,"_monsterinsights_sitenote_active":false,"_monsterinsights_sitenote_note":"","_monsterinsights_sitenote_category":0,"footnotes":""},"class_list":["post-816","page","type-page","status-publish","hentry"],"aioseo_notices":[],"_links":{"self":[{"href":"https:\/\/lbc.com.ar\/es\/es\/wp-json\/wp\/v2\/pages\/816","targetHints":{"allow":["GET"]}}],"collection":[{"href":"https:\/\/lbc.com.ar\/es\/es\/wp-json\/wp\/v2\/pages"}],"about":[{"href":"https:\/\/lbc.com.ar\/es\/es\/wp-json\/wp\/v2\/types\/page"}],"author":[{"embeddable":true,"href":"https:\/\/lbc.com.ar\/es\/es\/wp-json\/wp\/v2\/users\/2"}],"replies":[{"embeddable":true,"href":"https:\/\/lbc.com.ar\/es\/es\/wp-json\/wp\/v2\/comments?post=816"}],"version-history":[{"count":22,"href":"https:\/\/lbc.com.ar\/es\/es\/wp-json\/wp\/v2\/pages\/816\/revisions"}],"predecessor-version":[{"id":1179,"href":"https:\/\/lbc.com.ar\/es\/es\/wp-json\/wp\/v2\/pages\/816\/revisions\/1179"}],"wp:attachment":[{"href":"https:\/\/lbc.com.ar\/es\/es\/wp-json\/wp\/v2\/media?parent=816"}],"curies":[{"name":"wp","href":"https:\/\/api.w.org\/{rel}","templated":true}]}}