{"id":816,"date":"2024-10-21T21:12:20","date_gmt":"2024-10-21T21:12:20","guid":{"rendered":"https:\/\/lbc.com.ar\/es\/es-bo\/?page_id=816"},"modified":"2026-01-13T23:15:48","modified_gmt":"2026-01-14T02:15:48","slug":"paneles-de-gases","status":"publish","type":"page","link":"https:\/\/lbc.com.ar\/es\/es-cl\/paneles-de-gases\/","title":{"rendered":"Paneles de Gases"},"content":{"rendered":"\n<pre class=\"wp-block-preformatted has-text-color\" style=\"color:#002395;font-size:22px\">LBC Instalaci\u00f3n y Equipamiento para Gases Medicinales. <\/pre>\n\n\n\n<hr class=\"wp-block-separator aligncenter has-text-color has-alpha-channel-opacity has-background is-style-wide\" style=\"background-color:#002395;color:#002395\"\/>\n\n\n\n<div class=\"wp-block-columns is-layout-flex wp-container-core-columns-is-layout-9d6595d7 wp-block-columns-is-layout-flex\">\n<div class=\"wp-block-column is-layout-flow wp-block-column-is-layout-flow\">\n<p>Los<strong>\u00a0paneles de gases medicinales<\/strong>\u00a0o<strong>\u00a0miniductos<\/strong>, son la opci\u00f3n m\u00e1s sencilla, adaptable y econ\u00f3mica para contener los puestos terminales-acoples- de gases medicinales y vac\u00edo centralizados en forma de panel mural.<\/p>\n\n\n\n<p><strong>Seg\u00fan requerimiento se elaboran :<\/strong><\/p>\n\n\n\n<p>Conteniendo mas de una unidad terminal del mismo gas, ej. Tomas oxigeno- oxigeno, aire-aire, vac\u00edo-vac\u00edo. De acuerdo al proyecto y del mismo modo, se los puede instalar de forma horizontal o vertical. Pueden emplearse, tanto en sectores hospitalarios como laboratorios e industrias.<\/p>\n\n\n\n<hr class=\"wp-block-separator has-text-color has-alpha-channel-opacity has-background is-style-wide\" style=\"background-color:#002395;color:#002395\"\/>\n\n\n\n<div class=\"wp-block-columns is-layout-flex wp-container-core-columns-is-layout-9d6595d7 wp-block-columns-is-layout-flex\">\n<div class=\"wp-block-column is-layout-flow wp-block-column-is-layout-flow\" style=\"flex-basis:50%\">\n<figure class=\"wp-block-image size-full\"><a href=\"https:\/\/lbc.com.ar\/es\/es-cl\/wp-content\/uploads\/sites\/2\/2025\/03\/Consola-de-pared-tomas-de-gases-clinicos.jpg\"><img loading=\"lazy\" decoding=\"async\" width=\"600\" height=\"378\" src=\"https:\/\/lbc.com.ar\/es\/es-cl\/wp-content\/uploads\/sites\/2\/2025\/03\/Consola-de-pared-tomas-de-gases-clinicos.jpg\" alt=\"\" class=\"wp-image-998\" srcset=\"https:\/\/lbc.com.ar\/es\/es-cl\/wp-content\/uploads\/sites\/2\/2025\/03\/Consola-de-pared-tomas-de-gases-clinicos.jpg 600w, https:\/\/lbc.com.ar\/es\/es-cl\/wp-content\/uploads\/sites\/2\/2025\/03\/Consola-de-pared-tomas-de-gases-clinicos-300x189.jpg 300w\" sizes=\"auto, (max-width: 600px) 100vw, 600px\" \/><\/a><\/figure>\n<\/div>\n\n\n\n<div class=\"wp-block-column is-layout-flow wp-block-column-is-layout-flow\" style=\"flex-basis:50%\"><div class=\"wp-block-image\">\n<figure class=\"aligncenter size-full is-resized\"><a href=\"https:\/\/lbc.com.ar\/es\/es-cl\/wp-content\/uploads\/sites\/2\/2025\/03\/CPI-Canaleta-Panel-mural-toma-de-gases-clinicos.jpg\"><img loading=\"lazy\" decoding=\"async\" width=\"628\" height=\"471\" src=\"https:\/\/lbc.com.ar\/es\/es-cl\/wp-content\/uploads\/sites\/2\/2025\/03\/CPI-Canaleta-Panel-mural-toma-de-gases-clinicos.jpg\" alt=\"\" class=\"wp-image-1000\" style=\"width:339px;height:auto\" srcset=\"https:\/\/lbc.com.ar\/es\/es-cl\/wp-content\/uploads\/sites\/2\/2025\/03\/CPI-Canaleta-Panel-mural-toma-de-gases-clinicos.jpg 628w, https:\/\/lbc.com.ar\/es\/es-cl\/wp-content\/uploads\/sites\/2\/2025\/03\/CPI-Canaleta-Panel-mural-toma-de-gases-clinicos-300x225.jpg 300w\" sizes=\"auto, (max-width: 628px) 100vw, 628px\" \/><\/a><\/figure>\n<\/div><\/div>\n<\/div>\n\n\n\n<hr class=\"wp-block-separator has-text-color has-alpha-channel-opacity has-background is-style-wide\" style=\"background-color:#002395;color:#002395\"\/>\n\n\n\n<h2 class=\"wp-block-heading\" style=\"font-size:16px\"><strong>Los paneles de gases , son construidos \u00edntegramente en perfil extruido de aluminio de 2 mm y pintados con pintura epoxi horneada (Blanco semi mate\/Blanco microtexturado, otros colores a pedido). Con tapas frontales de f\u00e1cil desarme, colocadas a presi\u00f3n sin tornillos. Tapas laterales troqueladas de aluminio. Para el \u00e1mbito hospitalario.<\/strong><\/h2>\n\n\n\n<div class=\"wp-block-columns is-layout-flex wp-container-core-columns-is-layout-9d6595d7 wp-block-columns-is-layout-flex\">\n<div class=\"wp-block-column is-layout-flow wp-block-column-is-layout-flow\" style=\"flex-basis:50%\"><div class=\"wp-block-image\">\n<figure class=\"aligncenter size-full is-resized\"><a href=\"https:\/\/lbc.com.ar\/es\/es-cl\/wp-content\/uploads\/sites\/2\/2025\/03\/Panel-para-toma-de-oxigeno-medicinal-central.jpg\"><img loading=\"lazy\" decoding=\"async\" width=\"600\" height=\"935\" src=\"https:\/\/lbc.com.ar\/es\/es-cl\/wp-content\/uploads\/sites\/2\/2025\/03\/Panel-para-toma-de-oxigeno-medicinal-central.jpg\" alt=\"\" class=\"wp-image-1005\" style=\"width:393px;height:auto\" srcset=\"https:\/\/lbc.com.ar\/es\/es-cl\/wp-content\/uploads\/sites\/2\/2025\/03\/Panel-para-toma-de-oxigeno-medicinal-central.jpg 600w, https:\/\/lbc.com.ar\/es\/es-cl\/wp-content\/uploads\/sites\/2\/2025\/03\/Panel-para-toma-de-oxigeno-medicinal-central-193x300.jpg 193w\" sizes=\"auto, (max-width: 600px) 100vw, 600px\" \/><\/a><\/figure>\n<\/div><\/div>\n\n\n\n<div class=\"wp-block-column is-vertically-aligned-center is-layout-flow wp-block-column-is-layout-flow\" style=\"flex-basis:50%\"><div class=\"wp-block-image\">\n<figure class=\"aligncenter size-full\"><a href=\"https:\/\/lbc.com.ar\/es\/es-cl\/wp-content\/uploads\/sites\/2\/2025\/03\/Panel-consola-vertical-de-gases-clinicos.jpg\"><img loading=\"lazy\" decoding=\"async\" width=\"1280\" height=\"720\" src=\"https:\/\/lbc.com.ar\/es\/es-cl\/wp-content\/uploads\/sites\/2\/2025\/03\/Panel-consola-vertical-de-gases-clinicos.jpg\" alt=\"\" class=\"wp-image-1006\" style=\"aspect-ratio:4\/3;object-fit:cover\" srcset=\"https:\/\/lbc.com.ar\/es\/es-cl\/wp-content\/uploads\/sites\/2\/2025\/03\/Panel-consola-vertical-de-gases-clinicos.jpg 1280w, https:\/\/lbc.com.ar\/es\/es-cl\/wp-content\/uploads\/sites\/2\/2025\/03\/Panel-consola-vertical-de-gases-clinicos-300x169.jpg 300w, https:\/\/lbc.com.ar\/es\/es-cl\/wp-content\/uploads\/sites\/2\/2025\/03\/Panel-consola-vertical-de-gases-clinicos-1024x576.jpg 1024w, https:\/\/lbc.com.ar\/es\/es-cl\/wp-content\/uploads\/sites\/2\/2025\/03\/Panel-consola-vertical-de-gases-clinicos-768x432.jpg 768w\" sizes=\"auto, (max-width: 1280px) 100vw, 1280px\" \/><\/a><\/figure>\n<\/div><\/div>\n<\/div>\n\n\n\n<h3 class=\"wp-block-heading\" style=\"font-size:16px\">Nuestros paneles de gases medicinales, son equipados con unidades terminales DISS de doble retenci\u00f3n- acci\u00f3n quitar\/poner a rosca- y certificadas. Eventualmente, tambi\u00e9n se dispone de otros modelos de bocas; tipo AFNOR (Sistema Frances),SS\/AGA (Sistema Sueco).<\/h3>\n\n\n\n<p style=\"font-size:16px\"><strong>La conexi\u00f3n del panel de gases cl\u00ednicos hacia las tuber\u00edas canalizadas de suministro, se efect\u00faa mediante chicote de tubo de poliuretano con acople instant\u00e1neo. A pedido, se entregan con conexi\u00f3n tipo de compresi\u00f3n -Tuerca y virola- de bronce; de este modo ,se evita de utilizar soldadura aut\u00f3gena dentro del interior de los miniductos, haciendo mas f\u00e1cil su instalaci\u00f3n.<\/strong><\/p>\n\n\n\n<h2 class=\"wp-block-heading\" style=\"font-size:16px\"><strong>Disponibilidad en sistema acople terminal CGA DISS: Oxigeno. Aire comprimido Medicinal. Aspiraci\u00f3n. Oxido Nitroso. Di\u00f3xido de Carbono. Nitr\u00f3geno. Aire Instrumental 700 Kpa.<\/strong><\/h2>\n\n\n\n<h3 class=\"wp-block-heading\" style=\"font-size:16px\">Se realizan adem\u00e1s modelos para laboratorios e industria ,seg\u00fan requerimientos.<\/h3>\n\n\n\n<hr class=\"wp-block-separator has-text-color has-alpha-channel-opacity has-background\" style=\"background-color:#002395;color:#002395\"\/>\n\n\n\n<p><strong>Asesoramiento<\/strong>.<\/p>\n\n\n\n<p><em><strong>Si Usted est\u00e1 interesado en algunos de nuestros productos, nos puede contactar para brindar toda la informaci\u00f3n necesaria<\/strong>.<\/em><\/p>\n\n\n\n<div class=\"wp-block-buttons is-content-justification-center is-layout-flex wp-container-core-buttons-is-layout-16018d1d wp-block-buttons-is-layout-flex\">\n<div class=\"wp-block-button has-custom-width wp-block-button__width-25\"><a class=\"wp-block-button__link has-white-color has-text-color has-background has-link-color wp-element-button\" href=\"https:\/\/lbc.com.ar\/contacto\/\" style=\"background-color:#002395\">Contacto<\/a><\/div>\n<\/div>\n\n\n\n<hr class=\"wp-block-separator aligncenter has-text-color has-alpha-channel-opacity has-background\" style=\"background-color:#002395;color:#002395\"\/>\n<\/div>\n<\/div>\n","protected":false},"excerpt":{"rendered":"<p>LBC Instalaci\u00f3n y Equipamiento para Gases Medicinales. Los\u00a0paneles de gases medicinales\u00a0o\u00a0miniductos, son la opci\u00f3n m\u00e1s sencilla, adaptable y econ\u00f3mica para contener los puestos terminales-acoples- de gases medicinales y vac\u00edo centralizados en forma de panel mural. Seg\u00fan requerimiento se elaboran : Conteniendo mas de una unidad terminal del mismo gas, ej. Tomas oxigeno- oxigeno, aire-aire, vac\u00edo-vac\u00edo. [&hellip;]<\/p>\n","protected":false},"author":2,"featured_media":0,"parent":0,"menu_order":4,"comment_status":"closed","ping_status":"closed","template":"","meta":{"footnotes":""},"class_list":["post-816","page","type-page","status-publish","hentry"],"aioseo_notices":[],"_links":{"self":[{"href":"https:\/\/lbc.com.ar\/es\/es-cl\/wp-json\/wp\/v2\/pages\/816","targetHints":{"allow":["GET"]}}],"collection":[{"href":"https:\/\/lbc.com.ar\/es\/es-cl\/wp-json\/wp\/v2\/pages"}],"about":[{"href":"https:\/\/lbc.com.ar\/es\/es-cl\/wp-json\/wp\/v2\/types\/page"}],"author":[{"embeddable":true,"href":"https:\/\/lbc.com.ar\/es\/es-cl\/wp-json\/wp\/v2\/users\/2"}],"replies":[{"embeddable":true,"href":"https:\/\/lbc.com.ar\/es\/es-cl\/wp-json\/wp\/v2\/comments?post=816"}],"version-history":[{"count":11,"href":"https:\/\/lbc.com.ar\/es\/es-cl\/wp-json\/wp\/v2\/pages\/816\/revisions"}],"predecessor-version":[{"id":1022,"href":"https:\/\/lbc.com.ar\/es\/es-cl\/wp-json\/wp\/v2\/pages\/816\/revisions\/1022"}],"wp:attachment":[{"href":"https:\/\/lbc.com.ar\/es\/es-cl\/wp-json\/wp\/v2\/media?parent=816"}],"curies":[{"name":"wp","href":"https:\/\/api.w.org\/{rel}","templated":true}]}}