{"id":814,"date":"2024-10-21T21:09:44","date_gmt":"2024-10-21T21:09:44","guid":{"rendered":"https:\/\/lbc.com.ar\/es\/es-bo\/?page_id=814"},"modified":"2026-01-13T23:19:06","modified_gmt":"2026-01-14T02:19:06","slug":"poliductos-uti","status":"publish","type":"page","link":"https:\/\/lbc.com.ar\/es\/es-cl\/poliductos-uti\/","title":{"rendered":"Poliductos UTI\/UCI"},"content":{"rendered":"\n<pre class=\"wp-block-preformatted has-text-color\" style=\"color:#002395;font-size:22px\">             LBC Instalaci\u00f3n y Equipamiento para Gases Medicinales. <\/pre>\n\n\n\n<hr class=\"wp-block-separator has-text-color has-alpha-channel-opacity has-background is-style-wide\" style=\"background-color:#002395;color:#002395\"\/>\n\n\n\n<div class=\"wp-block-columns is-layout-flex wp-container-core-columns-is-layout-9d6595d7 wp-block-columns-is-layout-flex\">\n<div class=\"wp-block-column is-layout-flow wp-block-column-is-layout-flow\">\n<p>Los <strong>Poliductos UTI<\/strong>, o Cabeceros para salas de<strong> Terapia Intensiva<\/strong> est\u00e1n dise\u00f1ados para proveer y contener de manera segura todos los servicios esenciales necesarios para el tratamiento de pacientes cr\u00edticos.<\/p>\n\n\n\n<h2 class=\"wp-block-heading\" style=\"font-size:16px\"><strong>Nuestros Poliductos de U.T.I,<\/strong> se fabrican con dos canales independientes de 1500 mm de largo, contando con cantidad de unidades terminales de gases y tomas el\u00e9ctricas necesarias para la terap\u00e9utica habitual de dicha \u00e1rea. Para <strong>U.C.I<\/strong> elaboramos el mismo modelo pero de tres canales, esto nos permite alojar iluminaci\u00f3n de cabecera y m\u00e1s prestaciones que se soliciten.<\/h2>\n\n\n\n<hr class=\"wp-block-separator has-text-color has-alpha-channel-opacity has-background\" style=\"background-color:#002395;color:#002395\"\/>\n\n\n\n<div class=\"wp-block-columns is-layout-flex wp-container-core-columns-is-layout-9d6595d7 wp-block-columns-is-layout-flex\">\n<div class=\"wp-block-column is-layout-flow wp-block-column-is-layout-flow\">\n<figure class=\"wp-block-gallery has-nested-images columns-default is-cropped wp-block-gallery-1 is-layout-flex wp-block-gallery-is-layout-flex\">\n<figure class=\"wp-block-image size-full\"><a href=\"https:\/\/lbc.com.ar\/es\/es-cl\/wp-content\/uploads\/sites\/2\/2025\/02\/Poliducto-cabecera-consola-canaleta-porta-gases-clinicos-terapia-intensiva-CPI.jpeg\"><img loading=\"lazy\" decoding=\"async\" width=\"600\" height=\"450\" data-id=\"985\" src=\"https:\/\/lbc.com.ar\/es\/es-cl\/wp-content\/uploads\/sites\/2\/2025\/02\/Poliducto-cabecera-consola-canaleta-porta-gases-clinicos-terapia-intensiva-CPI.jpeg\" alt=\"\" class=\"wp-image-985\" title=\"Cabecero para suministro de gases gases medicinales en terapia intensiva\" srcset=\"https:\/\/lbc.com.ar\/es\/es-cl\/wp-content\/uploads\/sites\/2\/2025\/02\/Poliducto-cabecera-consola-canaleta-porta-gases-clinicos-terapia-intensiva-CPI.jpeg 600w, https:\/\/lbc.com.ar\/es\/es-cl\/wp-content\/uploads\/sites\/2\/2025\/02\/Poliducto-cabecera-consola-canaleta-porta-gases-clinicos-terapia-intensiva-CPI-300x225.jpeg 300w\" sizes=\"auto, (max-width: 600px) 100vw, 600px\" \/><\/a><figcaption class=\"wp-element-caption\">MODELO TRES CANALES<\/figcaption><\/figure>\n<\/figure>\n<\/div>\n\n\n\n<div class=\"wp-block-column is-vertically-aligned-center is-layout-flow wp-block-column-is-layout-flow\"><div class=\"wp-block-image\">\n<figure class=\"aligncenter size-full is-resized\"><a href=\"https:\/\/lbc.com.ar\/wp-content\/uploads\/2024\/09\/poliducto-uti-panel-de-cabecera-terapia-intensiva-lbc-3.jpg\"><img loading=\"lazy\" decoding=\"async\" width=\"600\" height=\"378\" src=\"https:\/\/lbc.com.ar\/wp-content\/uploads\/2024\/09\/poliducto-uti-panel-de-cabecera-terapia-intensiva-lbc-3.jpg\" alt=\"Poliducto para unidad de terapia intensiva UTI con bocas diss\" class=\"wp-image-680\" style=\"width:440px;height:auto\" title=\"Cabecero medico para UTI\" srcset=\"https:\/\/lbc.com.ar\/es\/es-cl\/wp-content\/uploads\/sites\/2\/2024\/09\/poliducto-uti-panel-de-cabecera-terapia-intensiva-lbc-3.jpg 600w, https:\/\/lbc.com.ar\/es\/es-cl\/wp-content\/uploads\/sites\/2\/2024\/09\/poliducto-uti-panel-de-cabecera-terapia-intensiva-lbc-3-300x189.jpg 300w\" sizes=\"auto, (max-width: 600px) 100vw, 600px\" \/><\/a><\/figure>\n<\/div><\/div>\n<\/div>\n\n\n\n<hr class=\"wp-block-separator has-text-color has-alpha-channel-opacity has-background\" style=\"background-color:#002395;color:#002395\"\/>\n\n\n\n<h3 class=\"wp-block-heading\" style=\"font-size:16px\"><strong>A si mismo esta gama de poliductos hospitalarios, y seg\u00fan, requerimiento se los puede configurar con el objetivo de emplear en otras \u00e1reas cerradas hospitalarias tal como: Quir\u00f3fanos, Recuperaci\u00f3n ; Neonatolog\u00eda (U.T.I.N), Unidad Coronaria (U.C.O), Emergencias-(Shock room).<\/strong><\/h3>\n\n\n\n<hr class=\"wp-block-separator has-text-color has-alpha-channel-opacity has-background\" style=\"background-color:#002395;color:#002395\"\/>\n\n\n\n<div class=\"wp-block-columns is-layout-flex wp-container-core-columns-is-layout-9d6595d7 wp-block-columns-is-layout-flex\">\n<div class=\"wp-block-column is-layout-flow wp-block-column-is-layout-flow\">\n<figure class=\"wp-block-image size-full\"><a href=\"https:\/\/lbc.com.ar\/wp-content\/uploads\/2024\/09\/panel-de-cabecera-poliducto-quirofano-clinica-oftalmologia-1.jpg\"><img loading=\"lazy\" decoding=\"async\" width=\"600\" height=\"450\" src=\"https:\/\/lbc.com.ar\/wp-content\/uploads\/2024\/09\/panel-de-cabecera-poliducto-quirofano-clinica-oftalmologia-1.jpg\" alt=\"Poliducto para Quir\u00f3fanos de ox\u00edgeno aire medicinal\" class=\"wp-image-682\" title=\"Panel para gases medicinales oftalmologia\" srcset=\"https:\/\/lbc.com.ar\/es\/es-cl\/wp-content\/uploads\/sites\/2\/2024\/09\/panel-de-cabecera-poliducto-quirofano-clinica-oftalmologia-1.jpg 600w, https:\/\/lbc.com.ar\/es\/es-cl\/wp-content\/uploads\/sites\/2\/2024\/09\/panel-de-cabecera-poliducto-quirofano-clinica-oftalmologia-1-300x225.jpg 300w\" sizes=\"auto, (max-width: 600px) 100vw, 600px\" \/><\/a><\/figure>\n<\/div>\n\n\n\n<div class=\"wp-block-column is-vertically-aligned-top is-layout-flow wp-block-column-is-layout-flow\">\n<figure class=\"wp-block-image size-full\"><a href=\"https:\/\/lbc.com.ar\/wp-content\/uploads\/2024\/09\/paneles-de-cabecera-hospitalario-centralizado-oxigeno-medicinal-lbc-instalacion-gases-medicinales-1.jpg\"><img loading=\"lazy\" decoding=\"async\" width=\"600\" height=\"450\" src=\"https:\/\/lbc.com.ar\/wp-content\/uploads\/2024\/09\/paneles-de-cabecera-hospitalario-centralizado-oxigeno-medicinal-lbc-instalacion-gases-medicinales-1.jpg\" alt=\"Panel de cabecera hospitalario para dos camas\" class=\"wp-image-687\" title=\"Panel de cabecera poliducto para shock room\" srcset=\"https:\/\/lbc.com.ar\/es\/es-cl\/wp-content\/uploads\/sites\/2\/2024\/09\/paneles-de-cabecera-hospitalario-centralizado-oxigeno-medicinal-lbc-instalacion-gases-medicinales-1.jpg 600w, https:\/\/lbc.com.ar\/es\/es-cl\/wp-content\/uploads\/sites\/2\/2024\/09\/paneles-de-cabecera-hospitalario-centralizado-oxigeno-medicinal-lbc-instalacion-gases-medicinales-1-300x225.jpg 300w\" sizes=\"auto, (max-width: 600px) 100vw, 600px\" \/><\/a><\/figure>\n<\/div>\n<\/div>\n\n\n\n<hr class=\"wp-block-separator aligncenter has-text-color has-alpha-channel-opacity has-background\" style=\"background-color:#002395;color:#002395\"\/>\n\n\n<div class=\"wp-block-image\">\n<figure class=\"aligncenter size-full is-resized\"><a href=\"https:\/\/lbc.com.ar\/es\/es-cl\/wp-content\/uploads\/sites\/2\/2025\/03\/Consola-para-cama-unidad-de-cuidados-intensivos-U.C.I.jpg\"><img loading=\"lazy\" decoding=\"async\" width=\"600\" height=\"450\" src=\"https:\/\/lbc.com.ar\/es\/es-cl\/wp-content\/uploads\/sites\/2\/2025\/03\/Consola-para-cama-unidad-de-cuidados-intensivos-U.C.I.jpg\" alt=\"\" class=\"wp-image-1010\" style=\"width:480px;height:auto\" srcset=\"https:\/\/lbc.com.ar\/es\/es-cl\/wp-content\/uploads\/sites\/2\/2025\/03\/Consola-para-cama-unidad-de-cuidados-intensivos-U.C.I.jpg 600w, https:\/\/lbc.com.ar\/es\/es-cl\/wp-content\/uploads\/sites\/2\/2025\/03\/Consola-para-cama-unidad-de-cuidados-intensivos-U.C.I-300x225.jpg 300w\" sizes=\"auto, (max-width: 600px) 100vw, 600px\" \/><\/a><\/figure>\n<\/div>\n\n\n<hr class=\"wp-block-separator aligncenter has-text-color has-alpha-channel-opacity has-background\" style=\"background-color:#002395;color:#002395\"\/>\n\n\n\n<p class=\"has-text-align-center has-text-color has-link-color wp-elements-80d1c3dc534ebca4cbf7c123571c0eab\" style=\"color:#002395;font-size:23px\"><a href=\"mailto:info@lbc.com.ar\" rel=\"nofollow\">info@lbc.com.ar<\/a><\/p>\n\n\n\n<hr class=\"wp-block-separator aligncenter has-text-color has-alpha-channel-opacity has-background\" style=\"background-color:#002395;color:#002395\"\/>\n\n\n\n<h3 class=\"wp-block-heading\" style=\"font-size:16px\">Caracter\u00edstica de construcci\u00f3n : Fabricados a partir de ductos por extrusi\u00f3n, de aleaci\u00f3n de aluminio templados de 2 mm de espesor. El cuerpo modular del poliducto se crea uniendo mec\u00e1nicamente entre; dos, tres y cuatro canales independientes seg\u00fan modelo y proyecto.<\/h3>\n\n\n\n<p>Se fabrica del mismo material las tapas frontales de los ductos, las cuales se colocan y se retiran f\u00e1cilmente sin tornillos, sujetadas por clip.<\/p>\n\n\n\n<p>La pintura de recubrimiento es epoxi electrost\u00e1tica horneada color Blanco ,otros colores a solicitud.<\/p>\n\n\n\n<h2 class=\"wp-block-heading has-black-color has-text-color has-link-color wp-elements-587ee0490d617b4c3e3bfa59d43d0bae\" style=\"font-size:16px\"><strong>Nuestros<a href=\"https:\/\/web.archive.org\/web\/20230328140142\/https:\/\/www.leonardobarcarollo.com.ar\/paneles-de-cabecera\/\" target=\"_blank\" rel=\"noreferrer noopener\">&nbsp;<\/a><a href=\"https:\/\/lbc.com.ar\/paneles-de-cabecera\/\">paneles de cabecera<\/a>&nbsp;para Terapia intensiva<\/strong> pueden contener cerca de la cama del paciente los suministro de gases medicinales, tomas el\u00e9ctricas tipo IRAM Y Schuko DIN, tomas de datos y telefon\u00eda, alarma de emergencia, llamador de enfermera, iluminaci\u00f3n de orientaci\u00f3n, iluminaci\u00f3n de cabecera.<\/h2>\n\n\n\n<h3 class=\"wp-block-heading\" style=\"font-size:16px\">Las unidades terminales de gases m\u00e9dicos que utilizamos, habitualmente, son toma acople DISS de primera calidad, tambi\u00e9n se puede solicitar en TIPO BM (AIRLQ),TIPO AGA.<\/h3>\n\n\n\n<p>Este producto es f\u00e1cil de limpiar y requiere muy bajo <a href=\"https:\/\/lbc.com.ar\/servicio-mantenimiento-gases-medicinales\/\">Mantenimiento<\/a>.<\/p>\n\n\n\n<h3 class=\"wp-block-heading\" style=\"font-size:16px\">Los modelos de Poliductos UTI\/UCI comienzan a partir de dos canales por 1500 mm de largo. El modelo U.C.I cuenta con tres canales por 1500 mm de largo. El largo m\u00e1ximo que trabajamos en un cuerpo es de 3000 mm de largo.<\/h3>\n\n\n\n<hr class=\"wp-block-separator aligncenter has-text-color has-alpha-channel-opacity has-background\" style=\"background-color:#002395;color:#002395\"\/>\n\n\n\n<p><strong>Asesoramiento<\/strong>.<\/p>\n\n\n\n<p><em><strong>Si Usted est\u00e1 interesado en algunos de nuestros productos, nos puede contactar para brindar toda la informaci\u00f3n necesaria<\/strong>.<\/em><\/p>\n\n\n\n<div class=\"wp-block-buttons is-content-justification-center is-layout-flex wp-container-core-buttons-is-layout-16018d1d wp-block-buttons-is-layout-flex\">\n<div class=\"wp-block-button has-custom-width wp-block-button__width-25 is-style-fill\"><a class=\"wp-block-button__link has-white-color has-text-color has-background has-link-color wp-element-button\" href=\"https:\/\/lbc.com.ar\/contacto\/\" style=\"background-color:#002395\">Contacto<\/a><\/div>\n<\/div>\n\n\n\n<hr class=\"wp-block-separator aligncenter has-text-color has-alpha-channel-opacity has-background\" style=\"background-color:#002395;color:#002395\"\/>\n<\/div>\n<\/div>\n\n\n\n<p><\/p>\n","protected":false},"excerpt":{"rendered":"<p>LBC Instalaci\u00f3n y Equipamiento para Gases Medicinales. Los Poliductos UTI, o Cabeceros para salas de Terapia Intensiva est\u00e1n dise\u00f1ados para proveer y contener de manera segura todos los servicios esenciales necesarios para el tratamiento de pacientes cr\u00edticos. Nuestros Poliductos de U.T.I, se fabrican con dos canales independientes de 1500 mm de largo, contando con cantidad [&hellip;]<\/p>\n","protected":false},"author":2,"featured_media":0,"parent":0,"menu_order":3,"comment_status":"closed","ping_status":"closed","template":"","meta":{"footnotes":""},"class_list":["post-814","page","type-page","status-publish","hentry"],"aioseo_notices":[],"_links":{"self":[{"href":"https:\/\/lbc.com.ar\/es\/es-cl\/wp-json\/wp\/v2\/pages\/814","targetHints":{"allow":["GET"]}}],"collection":[{"href":"https:\/\/lbc.com.ar\/es\/es-cl\/wp-json\/wp\/v2\/pages"}],"about":[{"href":"https:\/\/lbc.com.ar\/es\/es-cl\/wp-json\/wp\/v2\/types\/page"}],"author":[{"embeddable":true,"href":"https:\/\/lbc.com.ar\/es\/es-cl\/wp-json\/wp\/v2\/users\/2"}],"replies":[{"embeddable":true,"href":"https:\/\/lbc.com.ar\/es\/es-cl\/wp-json\/wp\/v2\/comments?post=814"}],"version-history":[{"count":13,"href":"https:\/\/lbc.com.ar\/es\/es-cl\/wp-json\/wp\/v2\/pages\/814\/revisions"}],"predecessor-version":[{"id":1013,"href":"https:\/\/lbc.com.ar\/es\/es-cl\/wp-json\/wp\/v2\/pages\/814\/revisions\/1013"}],"wp:attachment":[{"href":"https:\/\/lbc.com.ar\/es\/es-cl\/wp-json\/wp\/v2\/media?parent=814"}],"curies":[{"name":"wp","href":"https:\/\/api.w.org\/{rel}","templated":true}]}}